{"id":2,"date":"2025-09-18T10:50:53","date_gmt":"2025-09-18T10:50:53","guid":{"rendered":"https:\/\/xn--limfjordenspladevrksted-p9b.dk\/?page_id=2"},"modified":"2025-10-02T07:19:45","modified_gmt":"2025-10-02T05:19:45","slug":"sample-page","status":"publish","type":"page","link":"https:\/\/xn--limfjordenspladevrksted-p9b.dk\/","title":{"rendered":"\u00c5bnings tider:"},"content":{"rendered":"\r\n<h5>\u00c5bningstider:<\/h5>\r\n<p><br \/>Mandag til torsdag: 08.00 til 17.00<\/p>\r\n<p>Fredag: 08.00 til 15.00<\/p>\r\n<p>L\u00f8rdag &#8211; S\u00f8n og Helligdage: LUKKET<\/p>\r\n<p>\r\n\r\n<\/p>\r\n<h5>Kontakt:<\/h5>\r\n<p><br \/>Tlf: 2011 5151<\/p>\r\n<p>Mail: <a href=\"mailto:limfjordens_plade@hotmail.com\">limfjordens_plade@hotmail.com<\/a><\/p>\r\n<div>\u00a0<\/div>\r\n<h5>Adresse:<br \/><br \/><\/h5>\r\n<p>R\u00e6vevej 16b<\/p>\r\n<p>7800 Skive<\/p>\r\n<p><\/p>","protected":false},"excerpt":{"rendered":"<p>\u00c5bningstider: Mandag til torsdag: 08.00 til 17.00 Fredag: 08.00 til 15.00 L\u00f8rdag &#8211; S\u00f8n og Helligdage: LUKKET Kontakt: Tlf: 2011 5151 Mail: limfjordens_plade@hotmail.com \u00a0 Adresse: R\u00e6vevej 16b 7800 Skive<\/p>\n","protected":false},"author":1,"featured_media":0,"parent":0,"menu_order":0,"comment_status":"closed","ping_status":"open","template":"","meta":{"footnotes":""},"class_list":["post-2","page","type-page","status-publish","hentry","post-preview"],"yoast_head":"<!-- This site is optimized with the Yoast SEO plugin v26.3 - https:\/\/yoast.com\/wordpress\/plugins\/seo\/ -->\n<title>\u00c5bnings tider: - Limfjordens Pladev\u00e6rksted<\/title>\n<meta name=\"robots\" content=\"index, follow, max-snippet:-1, max-image-preview:large, max-video-preview:-1\" \/>\n<link rel=\"canonical\" href=\"https:\/\/xn--limfjordenspladevrksted-p9b.dk\/\" \/>\n<meta property=\"og:locale\" content=\"da_DK\" \/>\n<meta property=\"og:type\" content=\"article\" \/>\n<meta property=\"og:title\" content=\"\u00c5bnings tider: - Limfjordens Pladev\u00e6rksted\" \/>\n<meta property=\"og:description\" content=\"\u00c5bningstider: Mandag til torsdag: 08.00 til 17.00 Fredag: 08.00 til 15.00 L\u00f8rdag &#8211; S\u00f8n og Helligdage: LUKKET Kontakt: Tlf: 2011 5151 Mail: limfjordens_plade@hotmail.com \u00a0 Adresse: R\u00e6vevej 16b 7800 Skive\" \/>\n<meta property=\"og:url\" content=\"https:\/\/xn--limfjordenspladevrksted-p9b.dk\/\" \/>\n<meta property=\"og:site_name\" content=\"Limfjordens Pladev\u00e6rksted\" \/>\n<meta property=\"article:modified_time\" content=\"2025-10-02T05:19:45+00:00\" \/>\n<meta name=\"twitter:card\" content=\"summary_large_image\" \/>\n<meta name=\"twitter:label1\" content=\"Estimeret l\u00e6setid\" \/>\n\t<meta name=\"twitter:data1\" content=\"1 minut\" \/>\n<script type=\"application\/ld+json\" class=\"yoast-schema-graph\">{\"@context\":\"https:\/\/schema.org\",\"@graph\":[{\"@type\":\"WebPage\",\"@id\":\"https:\/\/xn--limfjordenspladevrksted-p9b.dk\/\",\"url\":\"https:\/\/xn--limfjordenspladevrksted-p9b.dk\/\",\"name\":\"\u00c5bnings tider: - Limfjordens Pladev\u00e6rksted\",\"isPartOf\":{\"@id\":\"https:\/\/xn--limfjordenspladevrksted-p9b.dk\/#website\"},\"datePublished\":\"2025-09-18T10:50:53+00:00\",\"dateModified\":\"2025-10-02T05:19:45+00:00\",\"breadcrumb\":{\"@id\":\"https:\/\/xn--limfjordenspladevrksted-p9b.dk\/#breadcrumb\"},\"inLanguage\":\"da-DK\",\"potentialAction\":[{\"@type\":\"ReadAction\",\"target\":[\"https:\/\/xn--limfjordenspladevrksted-p9b.dk\/\"]}]},{\"@type\":\"BreadcrumbList\",\"@id\":\"https:\/\/xn--limfjordenspladevrksted-p9b.dk\/#breadcrumb\",\"itemListElement\":[{\"@type\":\"ListItem\",\"position\":1,\"name\":\"Hjem\",\"item\":\"https:\/\/xn--limfjordenspladevrksted-p9b.dk\/\"},{\"@type\":\"ListItem\",\"position\":2,\"name\":\"\u00c5bnings tider:\"}]},{\"@type\":\"WebSite\",\"@id\":\"https:\/\/xn--limfjordenspladevrksted-p9b.dk\/#website\",\"url\":\"https:\/\/xn--limfjordenspladevrksted-p9b.dk\/\",\"name\":\"Limfjordens Pladev\u00e6rksted\",\"description\":\"\",\"publisher\":{\"@id\":\"https:\/\/xn--limfjordenspladevrksted-p9b.dk\/#organization\"},\"potentialAction\":[{\"@type\":\"SearchAction\",\"target\":{\"@type\":\"EntryPoint\",\"urlTemplate\":\"https:\/\/xn--limfjordenspladevrksted-p9b.dk\/?s={search_term_string}\"},\"query-input\":{\"@type\":\"PropertyValueSpecification\",\"valueRequired\":true,\"valueName\":\"search_term_string\"}}],\"inLanguage\":\"da-DK\"},{\"@type\":\"Organization\",\"@id\":\"https:\/\/xn--limfjordenspladevrksted-p9b.dk\/#organization\",\"name\":\"Limfjordens Pladev\u00e6rksted\",\"url\":\"https:\/\/xn--limfjordenspladevrksted-p9b.dk\/\",\"logo\":{\"@type\":\"ImageObject\",\"inLanguage\":\"da-DK\",\"@id\":\"https:\/\/xn--limfjordenspladevrksted-p9b.dk\/#\/schema\/logo\/image\/\",\"url\":\"https:\/\/xn--limfjordenspladevrksted-p9b.dk\/wp-content\/uploads\/2025\/09\/cropped-cropped-logo-daniel.png\",\"contentUrl\":\"https:\/\/xn--limfjordenspladevrksted-p9b.dk\/wp-content\/uploads\/2025\/09\/cropped-cropped-logo-daniel.png\",\"width\":880,\"height\":458,\"caption\":\"Limfjordens Pladev\u00e6rksted\"},\"image\":{\"@id\":\"https:\/\/xn--limfjordenspladevrksted-p9b.dk\/#\/schema\/logo\/image\/\"}}]}<\/script>\n<!-- \/ Yoast SEO plugin. -->","yoast_head_json":{"title":"\u00c5bnings tider: - Limfjordens Pladev\u00e6rksted","robots":{"index":"index","follow":"follow","max-snippet":"max-snippet:-1","max-image-preview":"max-image-preview:large","max-video-preview":"max-video-preview:-1"},"canonical":"https:\/\/xn--limfjordenspladevrksted-p9b.dk\/","og_locale":"da_DK","og_type":"article","og_title":"\u00c5bnings tider: - Limfjordens Pladev\u00e6rksted","og_description":"\u00c5bningstider: Mandag til torsdag: 08.00 til 17.00 Fredag: 08.00 til 15.00 L\u00f8rdag &#8211; S\u00f8n og Helligdage: LUKKET Kontakt: Tlf: 2011 5151 Mail: limfjordens_plade@hotmail.com \u00a0 Adresse: R\u00e6vevej 16b 7800 Skive","og_url":"https:\/\/xn--limfjordenspladevrksted-p9b.dk\/","og_site_name":"Limfjordens Pladev\u00e6rksted","article_modified_time":"2025-10-02T05:19:45+00:00","twitter_card":"summary_large_image","twitter_misc":{"Estimeret l\u00e6setid":"1 minut"},"schema":{"@context":"https:\/\/schema.org","@graph":[{"@type":"WebPage","@id":"https:\/\/xn--limfjordenspladevrksted-p9b.dk\/","url":"https:\/\/xn--limfjordenspladevrksted-p9b.dk\/","name":"\u00c5bnings tider: - Limfjordens Pladev\u00e6rksted","isPartOf":{"@id":"https:\/\/xn--limfjordenspladevrksted-p9b.dk\/#website"},"datePublished":"2025-09-18T10:50:53+00:00","dateModified":"2025-10-02T05:19:45+00:00","breadcrumb":{"@id":"https:\/\/xn--limfjordenspladevrksted-p9b.dk\/#breadcrumb"},"inLanguage":"da-DK","potentialAction":[{"@type":"ReadAction","target":["https:\/\/xn--limfjordenspladevrksted-p9b.dk\/"]}]},{"@type":"BreadcrumbList","@id":"https:\/\/xn--limfjordenspladevrksted-p9b.dk\/#breadcrumb","itemListElement":[{"@type":"ListItem","position":1,"name":"Hjem","item":"https:\/\/xn--limfjordenspladevrksted-p9b.dk\/"},{"@type":"ListItem","position":2,"name":"\u00c5bnings tider:"}]},{"@type":"WebSite","@id":"https:\/\/xn--limfjordenspladevrksted-p9b.dk\/#website","url":"https:\/\/xn--limfjordenspladevrksted-p9b.dk\/","name":"Limfjordens Pladev\u00e6rksted","description":"","publisher":{"@id":"https:\/\/xn--limfjordenspladevrksted-p9b.dk\/#organization"},"potentialAction":[{"@type":"SearchAction","target":{"@type":"EntryPoint","urlTemplate":"https:\/\/xn--limfjordenspladevrksted-p9b.dk\/?s={search_term_string}"},"query-input":{"@type":"PropertyValueSpecification","valueRequired":true,"valueName":"search_term_string"}}],"inLanguage":"da-DK"},{"@type":"Organization","@id":"https:\/\/xn--limfjordenspladevrksted-p9b.dk\/#organization","name":"Limfjordens Pladev\u00e6rksted","url":"https:\/\/xn--limfjordenspladevrksted-p9b.dk\/","logo":{"@type":"ImageObject","inLanguage":"da-DK","@id":"https:\/\/xn--limfjordenspladevrksted-p9b.dk\/#\/schema\/logo\/image\/","url":"https:\/\/xn--limfjordenspladevrksted-p9b.dk\/wp-content\/uploads\/2025\/09\/cropped-cropped-logo-daniel.png","contentUrl":"https:\/\/xn--limfjordenspladevrksted-p9b.dk\/wp-content\/uploads\/2025\/09\/cropped-cropped-logo-daniel.png","width":880,"height":458,"caption":"Limfjordens Pladev\u00e6rksted"},"image":{"@id":"https:\/\/xn--limfjordenspladevrksted-p9b.dk\/#\/schema\/logo\/image\/"}}]}},"_links":{"self":[{"href":"https:\/\/xn--limfjordenspladevrksted-p9b.dk\/index.php\/wp-json\/wp\/v2\/pages\/2","targetHints":{"allow":["GET"]}}],"collection":[{"href":"https:\/\/xn--limfjordenspladevrksted-p9b.dk\/index.php\/wp-json\/wp\/v2\/pages"}],"about":[{"href":"https:\/\/xn--limfjordenspladevrksted-p9b.dk\/index.php\/wp-json\/wp\/v2\/types\/page"}],"author":[{"embeddable":true,"href":"https:\/\/xn--limfjordenspladevrksted-p9b.dk\/index.php\/wp-json\/wp\/v2\/users\/1"}],"replies":[{"embeddable":true,"href":"https:\/\/xn--limfjordenspladevrksted-p9b.dk\/index.php\/wp-json\/wp\/v2\/comments?post=2"}],"version-history":[{"count":9,"href":"https:\/\/xn--limfjordenspladevrksted-p9b.dk\/index.php\/wp-json\/wp\/v2\/pages\/2\/revisions"}],"predecessor-version":[{"id":124,"href":"https:\/\/xn--limfjordenspladevrksted-p9b.dk\/index.php\/wp-json\/wp\/v2\/pages\/2\/revisions\/124"}],"wp:attachment":[{"href":"https:\/\/xn--limfjordenspladevrksted-p9b.dk\/index.php\/wp-json\/wp\/v2\/media?parent=2"}],"curies":[{"name":"wp","href":"https:\/\/api.w.org\/{rel}","templated":true}]}}